{"id":16,"date":"2023-11-14T18:20:27","date_gmt":"2023-11-14T18:20:27","guid":{"rendered":"https:\/\/guadeloupeblog.com\/?page_id=16"},"modified":"2023-12-16T17:21:19","modified_gmt":"2023-12-16T17:21:19","slug":"about","status":"publish","type":"page","link":"https:\/\/guadeloupeblog.com\/fr\/about\/","title":{"rendered":"About"},"content":{"rendered":"<div data-elementor-type=\"wp-page\" data-elementor-id=\"16\" class=\"elementor elementor-16\" data-elementor-post-type=\"page\">\n\t\t\t\t\t\t\t\t\t<section class=\"elementor-section elementor-top-section elementor-element elementor-element-55cd9d98 elementor-section-height-min-height elementor-section-boxed elementor-section-height-default elementor-section-items-middle tf-sticky-section tf-sticky-no\" data-id=\"55cd9d98\" data-element_type=\"section\" data-settings=\"{&quot;background_background&quot;:&quot;classic&quot;,&quot;tf_sticky&quot;:&quot;no&quot;}\">\n\t\t\t\t\t\t\t<div class=\"elementor-background-overlay\"><\/div>\n\t\t\t\t\t\t\t<div class=\"elementor-container elementor-column-gap-default\">\n\t\t\t\t\t<div class=\"elementor-column elementor-col-100 elementor-top-column elementor-element elementor-element-782c3b10\" data-id=\"782c3b10\" data-element_type=\"column\">\n\t\t\t<div class=\"elementor-widget-wrap elementor-element-populated\">\n\t\t\t\t\t\t\t\t<div class=\"elementor-element elementor-element-610b31c elementor-invisible elementor-widget elementor-widget-heading\" data-id=\"610b31c\" data-element_type=\"widget\" data-settings=\"{&quot;_animation&quot;:&quot;fadeInUp&quot;}\" data-widget_type=\"heading.default\">\n\t\t\t\t<div class=\"elementor-widget-container\">\n\t\t\t<style>\/*! elementor - v3.18.0 - 20-12-2023 *\/\n.elementor-heading-title{padding:0;margin:0;line-height:1}.elementor-widget-heading .elementor-heading-title[class*=elementor-size-]>a{color:inherit;font-size:inherit;line-height:inherit}.elementor-widget-heading .elementor-heading-title.elementor-size-small{font-size:15px}.elementor-widget-heading .elementor-heading-title.elementor-size-medium{font-size:19px}.elementor-widget-heading .elementor-heading-title.elementor-size-large{font-size:29px}.elementor-widget-heading .elementor-heading-title.elementor-size-xl{font-size:39px}.elementor-widget-heading .elementor-heading-title.elementor-size-xxl{font-size:59px}<\/style><h1 class=\"elementor-heading-title elementor-size-default\">\u00c0 Propos De Moi<\/h1>\t\t<\/div>\n\t\t\t\t<\/div>\n\t\t\t\t<div class=\"elementor-element elementor-element-454b0deb elementor-icon-list--layout-inline elementor-align-center elementor-list-item-link-full_width elementor-invisible elementor-widget elementor-widget-icon-list\" data-id=\"454b0deb\" data-element_type=\"widget\" data-settings=\"{&quot;_animation&quot;:&quot;fadeInUp&quot;}\" data-widget_type=\"icon-list.default\">\n\t\t\t\t<div class=\"elementor-widget-container\">\n\t\t\t<link rel=\"stylesheet\" href=\"https:\/\/guadeloupeblog.com\/wp-content\/plugins\/elementor\/assets\/css\/widget-icon-list.min.css\">\t\t<ul class=\"elementor-icon-list-items elementor-inline-items\">\n\t\t\t\t\t\t\t<li class=\"elementor-icon-list-item elementor-inline-item\">\n\t\t\t\t\t\t\t\t\t\t\t<a href=\"#\">\n\n\t\t\t\t\t\t\t\t\t\t\t<span class=\"elementor-icon-list-text\">Home<\/span>\n\t\t\t\t\t\t\t\t\t\t\t<\/a>\n\t\t\t\t\t\t\t\t\t<\/li>\n\t\t\t\t\t\t\t\t<li class=\"elementor-icon-list-item elementor-inline-item\">\n\t\t\t\t\t\t\t\t\t\t\t<a href=\"https:\/\/guadeloupeblog.com\/fr\/about\/\">\n\n\t\t\t\t\t\t\t\t\t\t\t\t<span class=\"elementor-icon-list-icon\">\n\t\t\t\t\t\t\t<svg aria-hidden=\"true\" class=\"e-font-icon-svg e-fas-angle-right\" viewbox=\"0 0 256 512\" xmlns=\"http:\/\/www.w3.org\/2000\/svg\"><path d=\"M224.3 273l-136 136c-9.4 9.4-24.6 9.4-33.9 0l-22.6-22.6c-9.4-9.4-9.4-24.6 0-33.9l96.4-96.4-96.4-96.4c-9.4-9.4-9.4-24.6 0-33.9L54.3 103c9.4-9.4 24.6-9.4 33.9 0l136 136c9.5 9.4 9.5 24.6.1 34z\"><\/path><\/svg>\t\t\t\t\t\t<\/span>\n\t\t\t\t\t\t\t\t\t\t<span class=\"elementor-icon-list-text\">\u00c0 Propos De Moi<\/span>\n\t\t\t\t\t\t\t\t\t\t\t<\/a>\n\t\t\t\t\t\t\t\t\t<\/li>\n\t\t\t\t\t\t<\/ul>\n\t\t\t\t<\/div>\n\t\t\t\t<\/div>\n\t\t\t\t\t<\/div>\n\t\t<\/div>\n\t\t\t\t\t\t\t<\/div>\n\t\t<\/section>\n\t\t\t\t<section class=\"elementor-section elementor-top-section elementor-element elementor-element-5750ff7e elementor-section-boxed elementor-section-height-default elementor-section-height-default tf-sticky-section tf-sticky-no\" data-id=\"5750ff7e\" data-element_type=\"section\" data-settings=\"{&quot;tf_sticky&quot;:&quot;no&quot;}\">\n\t\t\t\t\t\t<div class=\"elementor-container elementor-column-gap-default\">\n\t\t\t\t\t<div class=\"elementor-column elementor-col-50 elementor-top-column elementor-element elementor-element-61c55e05\" data-id=\"61c55e05\" data-element_type=\"column\">\n\t\t\t<div class=\"elementor-widget-wrap elementor-element-populated\">\n\t\t\t\t\t\t\t\t<div class=\"elementor-element elementor-element-305e3219 elementor-invisible elementor-widget elementor-widget-image\" data-id=\"305e3219\" data-element_type=\"widget\" data-settings=\"{&quot;_animation&quot;:&quot;fadeInUp&quot;}\" data-widget_type=\"image.default\">\n\t\t\t\t<div class=\"elementor-widget-container\">\n\t\t\t<style>\/*! elementor - v3.18.0 - 20-12-2023 *\/\n.elementor-widget-image{text-align:center}.elementor-widget-image a{display:inline-block}.elementor-widget-image a img[src$=\".svg\"]{width:48px}.elementor-widget-image img{vertical-align:middle;display:inline-block}<\/style>\t\t\t\t\t\t\t\t\t\t\t\t<img fetchpriority=\"high\" decoding=\"async\" width=\"800\" height=\"645\" src=\"https:\/\/guadeloupeblog.com\/wp-content\/uploads\/2023\/11\/beach-1822544_1280-1024x826.jpg\" class=\"attachment-large size-large wp-image-81\" alt=\"\" srcset=\"https:\/\/guadeloupeblog.com\/wp-content\/uploads\/2023\/11\/beach-1822544_1280-1024x826.jpg 1024w, https:\/\/guadeloupeblog.com\/wp-content\/uploads\/2023\/11\/beach-1822544_1280-300x242.jpg 300w, https:\/\/guadeloupeblog.com\/wp-content\/uploads\/2023\/11\/beach-1822544_1280-768x620.jpg 768w, https:\/\/guadeloupeblog.com\/wp-content\/uploads\/2023\/11\/beach-1822544_1280.jpg 1280w\" sizes=\"(max-width: 800px) 100vw, 800px\" \/>\t\t\t\t\t\t\t\t\t\t\t\t\t\t\t<\/div>\n\t\t\t\t<\/div>\n\t\t\t\t\t<\/div>\n\t\t<\/div>\n\t\t\t\t<div class=\"elementor-column elementor-col-50 elementor-top-column elementor-element elementor-element-4113d701\" data-id=\"4113d701\" data-element_type=\"column\">\n\t\t\t<div class=\"elementor-widget-wrap elementor-element-populated\">\n\t\t\t\t\t\t\t\t<div class=\"elementor-element elementor-element-dd8b80f elementor-widget elementor-widget-elementskit-heading\" data-id=\"dd8b80f\" data-element_type=\"widget\" data-widget_type=\"elementskit-heading.default\">\n\t\t\t\t<div class=\"elementor-widget-container\">\n\t\t\t<div class=\"ekit-wid-con\" ><div class=\"ekit-heading elementskit-section-title-wraper text_left   ekit_heading_tablet-   ekit_heading_mobile-\"><h3 class=\"elementskit-section-subtitle\">\n\t\t\t\t\t\tGuadeloupe\n\t\t\t\t\t<\/h3><h2 class=\"ekit-heading--title elementskit-section-title\">\u00c0 PROPOS DU <span>BLOG<\/span><\/h2><\/div><\/div>\t\t<\/div>\n\t\t\t\t<\/div>\n\t\t\t\t<div class=\"elementor-element elementor-element-1a6aac2e elementor-invisible elementor-widget elementor-widget-text-editor\" data-id=\"1a6aac2e\" data-element_type=\"widget\" data-settings=\"{&quot;_animation&quot;:&quot;fadeInUp&quot;}\" data-widget_type=\"text-editor.default\">\n\t\t\t\t<div class=\"elementor-widget-container\">\n\t\t\t<style>\/*! elementor - v3.18.0 - 20-12-2023 *\/\n.elementor-widget-text-editor.elementor-drop-cap-view-stacked .elementor-drop-cap{background-color:#69727d;color:#fff}.elementor-widget-text-editor.elementor-drop-cap-view-framed .elementor-drop-cap{color:#69727d;border:3px solid;background-color:transparent}.elementor-widget-text-editor:not(.elementor-drop-cap-view-default) .elementor-drop-cap{margin-top:8px}.elementor-widget-text-editor:not(.elementor-drop-cap-view-default) .elementor-drop-cap-letter{width:1em;height:1em}.elementor-widget-text-editor .elementor-drop-cap{float:left;text-align:center;line-height:1;font-size:50px}.elementor-widget-text-editor .elementor-drop-cap-letter{display:inline-block}<\/style>\t\t\t\t<p>Bienvenue sur mon espace d\u00e9di\u00e9 \u00e0 la passion qui m'anime : la Guadeloupe. Je suis Myl\u00e8ne, native de cette \u00eele carib\u00e9enne aux charmes infinis. Je suis fi\u00e8re d'\u00eatre une membre active d'une association ultramarine d\u00e9di\u00e9e \u00e0 la pr\u00e9servation et \u00e0 la promotion de notre riche patrimoine culturel. Depuis toujours, mon c\u0153ur vibre au rythme des vagues de l'oc\u00e9an Atlantique et des couleurs \u00e9clatantes qui peignent le ciel guadeloup\u00e9en.<\/p>\t\t\t\t\t\t<\/div>\n\t\t\t\t<\/div>\n\t\t\t\t\t<\/div>\n\t\t<\/div>\n\t\t\t\t\t\t\t<\/div>\n\t\t<\/section>\n\t\t\t\t<section class=\"elementor-section elementor-top-section elementor-element elementor-element-cc7ccf3 elementor-reverse-mobile elementor-section-boxed elementor-section-height-default elementor-section-height-default tf-sticky-section tf-sticky-no\" data-id=\"cc7ccf3\" data-element_type=\"section\" data-settings=\"{&quot;tf_sticky&quot;:&quot;no&quot;}\">\n\t\t\t\t\t\t<div class=\"elementor-container elementor-column-gap-default\">\n\t\t\t\t\t<div class=\"elementor-column elementor-col-50 elementor-top-column elementor-element elementor-element-ad36891\" data-id=\"ad36891\" data-element_type=\"column\">\n\t\t\t<div class=\"elementor-widget-wrap elementor-element-populated\">\n\t\t\t\t\t\t\t\t<div class=\"elementor-element elementor-element-9d25d1a elementor-invisible elementor-widget elementor-widget-text-editor\" data-id=\"9d25d1a\" data-element_type=\"widget\" data-settings=\"{&quot;_animation&quot;:&quot;fadeInUp&quot;}\" data-widget_type=\"text-editor.default\">\n\t\t\t\t<div class=\"elementor-widget-container\">\n\t\t\t\t\t\t\t<p>Je suis passionn\u00e9e par la consommation locale, croyant fermement que chaque saveur et chaque artisan racontent une histoire unique. Mon amour pour la m\u00e9decine traditionnelle et les th\u00e9s de grand-m\u00e8re s'inscrit dans le d\u00e9sir de pr\u00e9server les traditions s\u00e9culaires qui font la force et la singularit\u00e9 de la Guadeloupe. Les vibrations envo\u00fbtantes du gwoka r\u00e9sonnent profond\u00e9ment en moi. Les tambours qui r\u00e9sonnent dans nos f\u00eates traditionnelles sont bien plus qu'une m\u00e9lodie, ils sont le lien qui unit notre pass\u00e9 \u00e0 notre avenir.<\/p>\t\t\t\t\t\t<\/div>\n\t\t\t\t<\/div>\n\t\t\t\t\t<\/div>\n\t\t<\/div>\n\t\t\t\t<div class=\"elementor-column elementor-col-50 elementor-top-column elementor-element elementor-element-6ef719b\" data-id=\"6ef719b\" data-element_type=\"column\">\n\t\t\t<div class=\"elementor-widget-wrap elementor-element-populated\">\n\t\t\t\t\t\t\t\t<div class=\"elementor-element elementor-element-4a9f5fd elementor-invisible elementor-widget elementor-widget-image\" data-id=\"4a9f5fd\" data-element_type=\"widget\" data-settings=\"{&quot;_animation&quot;:&quot;fadeInUp&quot;}\" data-widget_type=\"image.default\">\n\t\t\t\t<div class=\"elementor-widget-container\">\n\t\t\t\t\t\t\t\t\t\t\t\t\t\t\t<img decoding=\"async\" width=\"800\" height=\"450\" src=\"https:\/\/guadeloupeblog.com\/wp-content\/uploads\/2023\/11\/beach-1236581_1280-1024x576.webp\" class=\"attachment-large size-large wp-image-45\" alt=\"\" srcset=\"https:\/\/guadeloupeblog.com\/wp-content\/uploads\/2023\/11\/beach-1236581_1280-1024x576.webp 1024w, https:\/\/guadeloupeblog.com\/wp-content\/uploads\/2023\/11\/beach-1236581_1280-300x169.webp 300w, https:\/\/guadeloupeblog.com\/wp-content\/uploads\/2023\/11\/beach-1236581_1280-768x432.webp 768w, https:\/\/guadeloupeblog.com\/wp-content\/uploads\/2023\/11\/beach-1236581_1280.webp 1280w\" sizes=\"(max-width: 800px) 100vw, 800px\" \/>\t\t\t\t\t\t\t\t\t\t\t\t\t\t\t<\/div>\n\t\t\t\t<\/div>\n\t\t\t\t\t<\/div>\n\t\t<\/div>\n\t\t\t\t\t\t\t<\/div>\n\t\t<\/section>\n\t\t\t\t<section class=\"elementor-section elementor-top-section elementor-element elementor-element-69a6cb6 elementor-section-boxed elementor-section-height-default elementor-section-height-default tf-sticky-section tf-sticky-no\" data-id=\"69a6cb6\" data-element_type=\"section\" data-settings=\"{&quot;tf_sticky&quot;:&quot;no&quot;}\">\n\t\t\t\t\t\t<div class=\"elementor-container elementor-column-gap-default\">\n\t\t\t\t\t<div class=\"elementor-column elementor-col-50 elementor-top-column elementor-element elementor-element-e1be999\" data-id=\"e1be999\" data-element_type=\"column\">\n\t\t\t<div class=\"elementor-widget-wrap elementor-element-populated\">\n\t\t\t\t\t\t\t\t<div class=\"elementor-element elementor-element-22bed94 elementor-widget__width-initial elementor-invisible elementor-widget elementor-widget-image\" data-id=\"22bed94\" data-element_type=\"widget\" data-settings=\"{&quot;_animation&quot;:&quot;fadeInUp&quot;}\" data-widget_type=\"image.default\">\n\t\t\t\t<div class=\"elementor-widget-container\">\n\t\t\t\t\t\t\t\t\t\t\t\t\t\t\t<img decoding=\"async\" width=\"800\" height=\"450\" src=\"https:\/\/guadeloupeblog.com\/wp-content\/uploads\/2023\/11\/Aerial-View-to-the-Green-Coast-of-the-Pointe-des-Chateaux-beach-under-the-blue-cloudy-sky_-Guadeloupe-island-1024x576.jpeg\" class=\"attachment-large size-large wp-image-314\" alt=\"\" srcset=\"https:\/\/guadeloupeblog.com\/wp-content\/uploads\/2023\/11\/Aerial-View-to-the-Green-Coast-of-the-Pointe-des-Chateaux-beach-under-the-blue-cloudy-sky_-Guadeloupe-island-1024x576.jpeg 1024w, https:\/\/guadeloupeblog.com\/wp-content\/uploads\/2023\/11\/Aerial-View-to-the-Green-Coast-of-the-Pointe-des-Chateaux-beach-under-the-blue-cloudy-sky_-Guadeloupe-island-300x169.jpeg 300w, https:\/\/guadeloupeblog.com\/wp-content\/uploads\/2023\/11\/Aerial-View-to-the-Green-Coast-of-the-Pointe-des-Chateaux-beach-under-the-blue-cloudy-sky_-Guadeloupe-island-768x432.jpeg 768w, https:\/\/guadeloupeblog.com\/wp-content\/uploads\/2023\/11\/Aerial-View-to-the-Green-Coast-of-the-Pointe-des-Chateaux-beach-under-the-blue-cloudy-sky_-Guadeloupe-island-1536x864.jpeg 1536w, https:\/\/guadeloupeblog.com\/wp-content\/uploads\/2023\/11\/Aerial-View-to-the-Green-Coast-of-the-Pointe-des-Chateaux-beach-under-the-blue-cloudy-sky_-Guadeloupe-island-2048x1152.jpeg 2048w, https:\/\/guadeloupeblog.com\/wp-content\/uploads\/2023\/11\/Aerial-View-to-the-Green-Coast-of-the-Pointe-des-Chateaux-beach-under-the-blue-cloudy-sky_-Guadeloupe-island-18x10.jpeg 18w\" sizes=\"(max-width: 800px) 100vw, 800px\" \/>\t\t\t\t\t\t\t\t\t\t\t\t\t\t\t<\/div>\n\t\t\t\t<\/div>\n\t\t\t\t\t<\/div>\n\t\t<\/div>\n\t\t\t\t<div class=\"elementor-column elementor-col-50 elementor-top-column elementor-element elementor-element-4be4e49\" data-id=\"4be4e49\" data-element_type=\"column\">\n\t\t\t<div class=\"elementor-widget-wrap elementor-element-populated\">\n\t\t\t\t\t\t\t\t<div class=\"elementor-element elementor-element-64b36e8 elementor-invisible elementor-widget elementor-widget-text-editor\" data-id=\"64b36e8\" data-element_type=\"widget\" data-settings=\"{&quot;_animation&quot;:&quot;fadeInUp&quot;}\" data-widget_type=\"text-editor.default\">\n\t\t\t\t<div class=\"elementor-widget-container\">\n\t\t\t\t\t\t\t<p>L'id\u00e9e de cr\u00e9er ce blog a germ\u00e9 de ma volont\u00e9 profonde de partager la richesse de ma culture natale. En mettant en lumi\u00e8re la culture vibrante, la cuisine exquise, la langue m\u00e9lodieuse et les paysages \u00e0 couper le souffle, la Guadeloupe m\u00e9rite d'\u00eatre c\u00e9l\u00e9br\u00e9e et explor\u00e9e \u00e0 travers des yeux curieux.<\/p><p>Mon amour pour cette terre se refl\u00e8te dans ma qu\u00eate constante pour valoriser les tr\u00e9sors cach\u00e9s de la Guadeloupe. \u00c0 travers ces pages virtuelles, je souhaite tisser un lien entre les curieux du monde entier et les merveilles de mon \u00eele.<\/p>\t\t\t\t\t\t<\/div>\n\t\t\t\t<\/div>\n\t\t\t\t\t<\/div>\n\t\t<\/div>\n\t\t\t\t\t\t\t<\/div>\n\t\t<\/section>\n\t\t<div class=\"elementor-element elementor-element-3c9ea5f e-flex e-con-boxed e-con e-parent\" data-id=\"3c9ea5f\" data-element_type=\"container\" data-settings=\"{&quot;content_width&quot;:&quot;boxed&quot;}\" data-core-v316-plus=\"true\">\n\t\t\t\t\t<div class=\"e-con-inner\">\n\t\t\t\t<div class=\"elementor-element elementor-element-bc66ec2 elementor-invisible elementor-widget elementor-widget-text-editor\" data-id=\"bc66ec2\" data-element_type=\"widget\" data-settings=\"{&quot;_animation&quot;:&quot;fadeInUp&quot;}\" data-widget_type=\"text-editor.default\">\n\t\t\t\t<div class=\"elementor-widget-container\">\n\t\t\t\t\t\t\t<p>Ce blog, c'est plus qu'une simple plateforme en ligne, c'est une invitation \u00e0 d\u00e9couvrir la Guadeloupe \u00e0 travers mes yeux et mes exp\u00e9riences, \u00e0 embrasser la diversit\u00e9 culturelle, \u00e0 d\u00e9guster chaque bouch\u00e9e de la cuisine cr\u00e9ole, et \u00e0 se laisser emporter par la beaut\u00e9 naturelle de cette perle des Cara\u00efbes. Rejoignez-moi dans cette aventure o\u00f9 chaque article est une lettre d'amour \u00e0 ma Guadeloupe bien-aim\u00e9e. \ud83c\udf3a\ud83c\udfdd\ufe0f<\/p><p>#ExploreGuadeloupe #PassionGuadeloupe #MyGuadeloupeStory #GwokaLove #CultureGuadeloupe #ExploreGuadeloupe<\/p>\t\t\t\t\t\t<\/div>\n\t\t\t\t<\/div>\n\t\t\t\t\t<\/div>\n\t\t\t\t<\/div>\n\t\t\t\t\t\t\t<\/div>","protected":false},"excerpt":{"rendered":"<p>About Me Home About Me Guadeloupe ABOUT THE BLOG Welcome to my space dedicated to the passion that drives me: Guadeloupe. I&#8217;m Myl\u00e8ne, a native of this Caribbean island with endless charms. I take pride in being an active member of an overseas association dedicated to preserving and promoting our rich cultural heritage. For as [&hellip;]<\/p>","protected":false},"author":1,"featured_media":0,"parent":0,"menu_order":0,"comment_status":"closed","ping_status":"closed","template":"elementor_header_footer","meta":{"footnotes":""},"_links":{"self":[{"href":"https:\/\/guadeloupeblog.com\/fr\/wp-json\/wp\/v2\/pages\/16"}],"collection":[{"href":"https:\/\/guadeloupeblog.com\/fr\/wp-json\/wp\/v2\/pages"}],"about":[{"href":"https:\/\/guadeloupeblog.com\/fr\/wp-json\/wp\/v2\/types\/page"}],"author":[{"embeddable":true,"href":"https:\/\/guadeloupeblog.com\/fr\/wp-json\/wp\/v2\/users\/1"}],"replies":[{"embeddable":true,"href":"https:\/\/guadeloupeblog.com\/fr\/wp-json\/wp\/v2\/comments?post=16"}],"version-history":[{"count":46,"href":"https:\/\/guadeloupeblog.com\/fr\/wp-json\/wp\/v2\/pages\/16\/revisions"}],"predecessor-version":[{"id":374,"href":"https:\/\/guadeloupeblog.com\/fr\/wp-json\/wp\/v2\/pages\/16\/revisions\/374"}],"wp:attachment":[{"href":"https:\/\/guadeloupeblog.com\/fr\/wp-json\/wp\/v2\/media?parent=16"}],"curies":[{"name":"wp","href":"https:\/\/api.w.org\/{rel}","templated":true}]}}